{"id":6177,"date":"2021-09-06T13:53:41","date_gmt":"2021-09-06T11:53:41","guid":{"rendered":"https:\/\/soflab.pl\/dynatrace\/"},"modified":"2022-04-22T08:49:18","modified_gmt":"2022-04-22T06:49:18","slug":"dynatrace","status":"publish","type":"page","link":"https:\/\/soflab.devel8.wlc.team\/en\/dynatrace\/","title":{"rendered":"Dynatrace"},"content":{"rendered":"<p>[et_pb_section fb_built=&#8221;1&#8243; _builder_version=&#8221;4.9.10&#8243; _module_preset=&#8221;default&#8221; global_colors_info=&#8221;{}&#8221; da_is_popup=&#8221;off&#8221; da_exit_intent=&#8221;off&#8221; da_has_close=&#8221;on&#8221; da_alt_close=&#8221;off&#8221; da_dark_close=&#8221;off&#8221; da_not_modal=&#8221;on&#8221; da_is_singular=&#8221;off&#8221; da_with_loader=&#8221;off&#8221; da_has_shadow=&#8221;on&#8221; da_disable_devices=&#8221;off|off|off&#8221;][et_pb_row _builder_version=&#8221;4.9.10&#8243; _module_preset=&#8221;default&#8221; global_colors_info=&#8221;{}&#8221;][et_pb_column type=&#8221;4_4&#8243; _builder_version=&#8221;4.9.10&#8243; _module_preset=&#8221;default&#8221; global_colors_info=&#8221;{}&#8221;][et_pb_text _builder_version=&#8221;4.9.10&#8243; _module_preset=&#8221;default&#8221; global_colors_info=&#8221;{}&#8221;]<\/p>\n<h1>Dynatrace<\/h1>\n<p>[\/et_pb_text][\/et_pb_column][\/et_pb_row][et_pb_row _builder_version=&#8221;4.9.10&#8243; _module_preset=&#8221;default&#8221; global_colors_info=&#8221;{}&#8221;][et_pb_column type=&#8221;4_4&#8243; _builder_version=&#8221;4.9.10&#8243; _module_preset=&#8221;default&#8221; global_colors_info=&#8221;{}&#8221;][et_pb_image src=&#8221;https:\/\/soflab.devel8.wlc.team\/wp-content\/uploads\/2021\/08\/dynatrace-1.png&#8221; title_text=&#8221;dynatrace-1&#8243; _builder_version=&#8221;4.9.10&#8243; _module_preset=&#8221;default&#8221; global_colors_info=&#8221;{}&#8221;][\/et_pb_image][et_pb_text _builder_version=&#8221;4.9.10&#8243; _module_preset=&#8221;default&#8221; global_colors_info=&#8221;{}&#8221;]<\/p>\n<div id=\"dslc-module-955\" class=\"dslc-module-front dslc-module-DSLC_TP_Content dslc-in-viewport-check dslc-in-viewport-anim-none  dslc-col dslc-12-col dslc-last-col  dslc-module-handle-like-regular  dslc-in-viewport\" data-module-id=\"955\" data-dslc-module-id=\"DSLC_TP_Content\" data-dslc-module-size=\"12\" data-dslc-anim=\"none\" data-dslc-anim-delay=\"0\" data-dslc-anim-duration=\"650\" data-dslc-anim-easing=\"ease\" data-dslc-preset=\"none\">\n<div class=\"dslc-tp-content\">\n<div id=\"dslc-theme-content\">\n<div id=\"dslc-theme-content-inner\">\n<p>Dynatrace is the leader in the field of solutions supporting DPM (Digital Performance Platform) and APM (Application Performance Platform) performance management. Dynatrace Application Monitoring (AppMon) tool is based on unique agent technology, which enables thorough analysis of the state of applications operating within Java and .NET virtual machines or PHP environments. In addition, the system makes it possible to combine the monitoring of behaviours of system users with the management of business transactions as well as with the possibility to diagnose source code.<\/p>\n<\/div>\n<\/div>\n<\/div>\n<\/div>\n<div id=\"dslc-module-1348\" class=\"dslc-module-front dslc-module-DSLC_Separator dslc-in-viewport-check dslc-in-viewport-anim-none  dslc-col dslc-12-col dslc-last-col  dslc-module-handle-like-regular  dslc-in-viewport\" data-module-id=\"1348\" data-dslc-module-id=\"DSLC_Separator\" data-dslc-module-size=\"12\" data-dslc-anim=\"none\" data-dslc-anim-delay=\"0\" data-dslc-anim-duration=\"650\" data-dslc-anim-easing=\"ease\" data-dslc-preset=\"none\">\n<div class=\"dslc-separator-wrapper\"><\/div>\n<\/div>\n<p>[\/et_pb_text][\/et_pb_column][\/et_pb_row][\/et_pb_section][et_pb_section fb_built=&#8221;1&#8243; _builder_version=&#8221;4.9.10&#8243; _module_preset=&#8221;default&#8221; custom_margin=&#8221;0px||0px||true|false&#8221; custom_padding=&#8221;0px||0px||true|false&#8221; border_width_top=&#8221;1px&#8221; border_color_top=&#8221;#eeeeee&#8221; global_colors_info=&#8221;{}&#8221; da_is_popup=&#8221;off&#8221; da_exit_intent=&#8221;off&#8221; da_has_close=&#8221;on&#8221; da_alt_close=&#8221;off&#8221; da_dark_close=&#8221;off&#8221; da_not_modal=&#8221;on&#8221; da_is_singular=&#8221;off&#8221; da_with_loader=&#8221;off&#8221; da_has_shadow=&#8221;on&#8221; da_disable_devices=&#8221;off|off|off&#8221;][et_pb_row column_structure=&#8221;1_3,1_3,1_3&#8243; _builder_version=&#8221;4.9.10&#8243; _module_preset=&#8221;default&#8221; global_colors_info=&#8221;{}&#8221;][et_pb_column type=&#8221;1_3&#8243; _builder_version=&#8221;4.9.10&#8243; _module_preset=&#8221;default&#8221; global_colors_info=&#8221;{}&#8221;][\/et_pb_column][et_pb_column type=&#8221;1_3&#8243; _builder_version=&#8221;4.9.10&#8243; _module_preset=&#8221;default&#8221; global_colors_info=&#8221;{}&#8221;][et_pb_button button_url=&#8221;@ET-DC@eyJkeW5hbWljIjp0cnVlLCJjb250ZW50IjoicG9zdF9saW5rX3VybF9wYWdlIiwic2V0dGluZ3MiOnsicG9zdF9pZCI6IjUzODMifX0=@&#8221; button_text=&#8221;All partners&#8221; button_alignment=&#8221;center&#8221; _builder_version=&#8221;4.9.10&#8243; _dynamic_attributes=&#8221;button_url&#8221; _module_preset=&#8221;default&#8221; custom_button=&#8221;on&#8221; button_text_size=&#8221;16px&#8221; button_text_color=&#8221;#FFFFFF&#8221; button_bg_color=&#8221;gcid-b84cd5eb-858d-4718-96bb-b9ebc4467c00&#8243; button_border_color=&#8221;rgba(108,108,108,0.2)&#8221; button_font=&#8221;|600|||||||&#8221; button_use_icon=&#8221;off&#8221; custom_margin=&#8221;0px||0px||true|false&#8221; global_colors_info=&#8221;{%22gcid-b84cd5eb-858d-4718-96bb-b9ebc4467c00%22:%91%22button_bg_color%22%93}&#8221;][\/et_pb_button][\/et_pb_column][et_pb_column type=&#8221;1_3&#8243; _builder_version=&#8221;4.9.10&#8243; _module_preset=&#8221;default&#8221; global_colors_info=&#8221;{}&#8221;][et_pb_button button_url=&#8221;@ET-DC@eyJkeW5hbWljIjp0cnVlLCJjb250ZW50IjoicG9zdF9saW5rX3VybF9wYWdlIiwic2V0dGluZ3MiOnsicG9zdF9pZCI6IjYxODYifX0=@&#8221; button_text=&#8221;next&#8221; button_alignment=&#8221;right&#8221; button_alignment_tablet=&#8221;center&#8221; button_alignment_phone=&#8221;&#8221; button_alignment_last_edited=&#8221;on|phone&#8221; _builder_version=&#8221;4.14.7&#8243; _dynamic_attributes=&#8221;button_url&#8221; _module_preset=&#8221;default&#8221; custom_button=&#8221;on&#8221; button_text_size=&#8221;16px&#8221; button_border_color=&#8221;rgba(108,108,108,0.2)&#8221; button_font=&#8221;|600|||||||&#8221; button_use_icon=&#8221;off&#8221; custom_margin=&#8221;0px||0px||true|false&#8221; hover_enabled=&#8221;0&#8243; global_colors_info=&#8221;{}&#8221; sticky_enabled=&#8221;0&#8243;][\/et_pb_button][\/et_pb_column][\/et_pb_row][\/et_pb_section]<\/p>\n","protected":false},"excerpt":{"rendered":"<p>Dynatrace Dynatrace is the leader in the field of solutions supporting DPM (Digital Performance Platform) and APM (Application Performance Platform) performance management. Dynatrace Application Monitoring (AppMon) tool is based on unique agent technology, which enables thorough analysis of the state of applications operating within Java and .NET virtual machines or PHP environments. In addition, the [&hellip;]<\/p>\n","protected":false},"author":23,"featured_media":0,"parent":0,"menu_order":0,"comment_status":"closed","ping_status":"closed","template":"","meta":{"_et_pb_use_builder":"on","_et_pb_old_content":"","_et_gb_content_width":"","footnotes":""},"class_list":["post-6177","page","type-page","status-publish","hentry"],"yoast_head":"<!-- This site is optimized with the Yoast SEO plugin v27.5 - https:\/\/yoast.com\/product\/yoast-seo-wordpress\/ -->\n<title>Dynatrace | Soflab Technology<\/title>\n<meta name=\"description\" content=\"Soflab to firma zajmuj\u0105ca si\u0119 przeprowadzaniem profesjonalnych test\u00f3w oprogramowania i zapewnieniem jako\u015bci system\u00f3w. Wybierz us\u0142ugi najlepszej jako\u015bci!\" \/>\n<meta name=\"robots\" content=\"index, follow, max-snippet:-1, max-image-preview:large, max-video-preview:-1\" \/>\n<link rel=\"canonical\" href=\"https:\/\/soflab.devel8.wlc.team\/en\/dynatrace\/\" \/>\n<meta property=\"og:locale\" content=\"en_US\" \/>\n<meta property=\"og:type\" content=\"article\" \/>\n<meta property=\"og:title\" content=\"Dynatrace | Soflab Technology\" \/>\n<meta property=\"og:description\" content=\"Soflab to firma zajmuj\u0105ca si\u0119 przeprowadzaniem profesjonalnych test\u00f3w oprogramowania i zapewnieniem jako\u015bci system\u00f3w. Wybierz us\u0142ugi najlepszej jako\u015bci!\" \/>\n<meta property=\"og:url\" content=\"https:\/\/soflab.devel8.wlc.team\/en\/dynatrace\/\" \/>\n<meta property=\"og:site_name\" content=\"Soflab\" \/>\n<meta property=\"article:publisher\" content=\"https:\/\/www.facebook.com\/SoflabTechnology\" \/>\n<meta property=\"article:modified_time\" content=\"2022-04-22T06:49:18+00:00\" \/>\n<meta name=\"twitter:card\" content=\"summary_large_image\" \/>\n<meta name=\"twitter:label1\" content=\"Est. reading time\" \/>\n\t<meta name=\"twitter:data1\" content=\"3 minutes\" \/>\n<script type=\"application\/ld+json\" class=\"yoast-schema-graph\">{\"@context\":\"https:\\\/\\\/schema.org\",\"@graph\":[{\"@type\":\"WebPage\",\"@id\":\"https:\\\/\\\/soflab.devel8.wlc.team\\\/en\\\/dynatrace\\\/\",\"url\":\"https:\\\/\\\/soflab.devel8.wlc.team\\\/en\\\/dynatrace\\\/\",\"name\":\"Dynatrace | Soflab Technology\",\"isPartOf\":{\"@id\":\"https:\\\/\\\/soflab.devel8.wlc.team\\\/en\\\/#website\"},\"datePublished\":\"2021-09-06T11:53:41+00:00\",\"dateModified\":\"2022-04-22T06:49:18+00:00\",\"description\":\"Soflab to firma zajmuj\u0105ca si\u0119 przeprowadzaniem profesjonalnych test\u00f3w oprogramowania i zapewnieniem jako\u015bci system\u00f3w. Wybierz us\u0142ugi najlepszej jako\u015bci!\",\"breadcrumb\":{\"@id\":\"https:\\\/\\\/soflab.devel8.wlc.team\\\/en\\\/dynatrace\\\/#breadcrumb\"},\"inLanguage\":\"en-US\",\"potentialAction\":[{\"@type\":\"ReadAction\",\"target\":[\"https:\\\/\\\/soflab.devel8.wlc.team\\\/en\\\/dynatrace\\\/\"]}]},{\"@type\":\"BreadcrumbList\",\"@id\":\"https:\\\/\\\/soflab.devel8.wlc.team\\\/en\\\/dynatrace\\\/#breadcrumb\",\"itemListElement\":[{\"@type\":\"ListItem\",\"position\":1,\"name\":\"Strona g\u0142\u00f3wna\",\"item\":\"https:\\\/\\\/soflab.devel8.wlc.team\\\/en\\\/\"},{\"@type\":\"ListItem\",\"position\":2,\"name\":\"Dynatrace\"}]},{\"@type\":\"WebSite\",\"@id\":\"https:\\\/\\\/soflab.devel8.wlc.team\\\/en\\\/#website\",\"url\":\"https:\\\/\\\/soflab.devel8.wlc.team\\\/en\\\/\",\"name\":\"Soflab\",\"description\":\"Soflab QA &amp; Testing\",\"publisher\":{\"@id\":\"https:\\\/\\\/soflab.devel8.wlc.team\\\/en\\\/#organization\"},\"potentialAction\":[{\"@type\":\"SearchAction\",\"target\":{\"@type\":\"EntryPoint\",\"urlTemplate\":\"https:\\\/\\\/soflab.devel8.wlc.team\\\/en\\\/?s={search_term_string}\"},\"query-input\":{\"@type\":\"PropertyValueSpecification\",\"valueRequired\":true,\"valueName\":\"search_term_string\"}}],\"inLanguage\":\"en-US\"},{\"@type\":\"Organization\",\"@id\":\"https:\\\/\\\/soflab.devel8.wlc.team\\\/en\\\/#organization\",\"name\":\"Soflab\",\"url\":\"https:\\\/\\\/soflab.devel8.wlc.team\\\/en\\\/\",\"logo\":{\"@type\":\"ImageObject\",\"inLanguage\":\"en-US\",\"@id\":\"https:\\\/\\\/soflab.devel8.wlc.team\\\/en\\\/#\\\/schema\\\/logo\\\/image\\\/\",\"url\":\"https:\\\/\\\/soflab.devel8.wlc.team\\\/wp-content\\\/uploads\\\/2021\\\/08\\\/logo-soflab.png\",\"contentUrl\":\"https:\\\/\\\/soflab.devel8.wlc.team\\\/wp-content\\\/uploads\\\/2021\\\/08\\\/logo-soflab.png\",\"width\":171,\"height\":35,\"caption\":\"Soflab\"},\"image\":{\"@id\":\"https:\\\/\\\/soflab.devel8.wlc.team\\\/en\\\/#\\\/schema\\\/logo\\\/image\\\/\"},\"sameAs\":[\"https:\\\/\\\/www.facebook.com\\\/SoflabTechnology\",\"https:\\\/\\\/www.linkedin.com\\\/company\\\/soflab-technology-sp--z-o-o-\"]}]}<\/script>\n<!-- \/ Yoast SEO plugin. -->","yoast_head_json":{"title":"Dynatrace | Soflab Technology","description":"Soflab to firma zajmuj\u0105ca si\u0119 przeprowadzaniem profesjonalnych test\u00f3w oprogramowania i zapewnieniem jako\u015bci system\u00f3w. Wybierz us\u0142ugi najlepszej jako\u015bci!","robots":{"index":"index","follow":"follow","max-snippet":"max-snippet:-1","max-image-preview":"max-image-preview:large","max-video-preview":"max-video-preview:-1"},"canonical":"https:\/\/soflab.devel8.wlc.team\/en\/dynatrace\/","og_locale":"en_US","og_type":"article","og_title":"Dynatrace | Soflab Technology","og_description":"Soflab to firma zajmuj\u0105ca si\u0119 przeprowadzaniem profesjonalnych test\u00f3w oprogramowania i zapewnieniem jako\u015bci system\u00f3w. Wybierz us\u0142ugi najlepszej jako\u015bci!","og_url":"https:\/\/soflab.devel8.wlc.team\/en\/dynatrace\/","og_site_name":"Soflab","article_publisher":"https:\/\/www.facebook.com\/SoflabTechnology","article_modified_time":"2022-04-22T06:49:18+00:00","twitter_card":"summary_large_image","twitter_misc":{"Est. reading time":"3 minutes"},"schema":{"@context":"https:\/\/schema.org","@graph":[{"@type":"WebPage","@id":"https:\/\/soflab.devel8.wlc.team\/en\/dynatrace\/","url":"https:\/\/soflab.devel8.wlc.team\/en\/dynatrace\/","name":"Dynatrace | Soflab Technology","isPartOf":{"@id":"https:\/\/soflab.devel8.wlc.team\/en\/#website"},"datePublished":"2021-09-06T11:53:41+00:00","dateModified":"2022-04-22T06:49:18+00:00","description":"Soflab to firma zajmuj\u0105ca si\u0119 przeprowadzaniem profesjonalnych test\u00f3w oprogramowania i zapewnieniem jako\u015bci system\u00f3w. Wybierz us\u0142ugi najlepszej jako\u015bci!","breadcrumb":{"@id":"https:\/\/soflab.devel8.wlc.team\/en\/dynatrace\/#breadcrumb"},"inLanguage":"en-US","potentialAction":[{"@type":"ReadAction","target":["https:\/\/soflab.devel8.wlc.team\/en\/dynatrace\/"]}]},{"@type":"BreadcrumbList","@id":"https:\/\/soflab.devel8.wlc.team\/en\/dynatrace\/#breadcrumb","itemListElement":[{"@type":"ListItem","position":1,"name":"Strona g\u0142\u00f3wna","item":"https:\/\/soflab.devel8.wlc.team\/en\/"},{"@type":"ListItem","position":2,"name":"Dynatrace"}]},{"@type":"WebSite","@id":"https:\/\/soflab.devel8.wlc.team\/en\/#website","url":"https:\/\/soflab.devel8.wlc.team\/en\/","name":"Soflab","description":"Soflab QA &amp; Testing","publisher":{"@id":"https:\/\/soflab.devel8.wlc.team\/en\/#organization"},"potentialAction":[{"@type":"SearchAction","target":{"@type":"EntryPoint","urlTemplate":"https:\/\/soflab.devel8.wlc.team\/en\/?s={search_term_string}"},"query-input":{"@type":"PropertyValueSpecification","valueRequired":true,"valueName":"search_term_string"}}],"inLanguage":"en-US"},{"@type":"Organization","@id":"https:\/\/soflab.devel8.wlc.team\/en\/#organization","name":"Soflab","url":"https:\/\/soflab.devel8.wlc.team\/en\/","logo":{"@type":"ImageObject","inLanguage":"en-US","@id":"https:\/\/soflab.devel8.wlc.team\/en\/#\/schema\/logo\/image\/","url":"https:\/\/soflab.devel8.wlc.team\/wp-content\/uploads\/2021\/08\/logo-soflab.png","contentUrl":"https:\/\/soflab.devel8.wlc.team\/wp-content\/uploads\/2021\/08\/logo-soflab.png","width":171,"height":35,"caption":"Soflab"},"image":{"@id":"https:\/\/soflab.devel8.wlc.team\/en\/#\/schema\/logo\/image\/"},"sameAs":["https:\/\/www.facebook.com\/SoflabTechnology","https:\/\/www.linkedin.com\/company\/soflab-technology-sp--z-o-o-"]}]}},"_links":{"self":[{"href":"https:\/\/soflab.devel8.wlc.team\/en\/wp-json\/wp\/v2\/pages\/6177","targetHints":{"allow":["GET"]}}],"collection":[{"href":"https:\/\/soflab.devel8.wlc.team\/en\/wp-json\/wp\/v2\/pages"}],"about":[{"href":"https:\/\/soflab.devel8.wlc.team\/en\/wp-json\/wp\/v2\/types\/page"}],"author":[{"embeddable":true,"href":"https:\/\/soflab.devel8.wlc.team\/en\/wp-json\/wp\/v2\/users\/23"}],"replies":[{"embeddable":true,"href":"https:\/\/soflab.devel8.wlc.team\/en\/wp-json\/wp\/v2\/comments?post=6177"}],"version-history":[{"count":9,"href":"https:\/\/soflab.devel8.wlc.team\/en\/wp-json\/wp\/v2\/pages\/6177\/revisions"}],"predecessor-version":[{"id":9123,"href":"https:\/\/soflab.devel8.wlc.team\/en\/wp-json\/wp\/v2\/pages\/6177\/revisions\/9123"}],"wp:attachment":[{"href":"https:\/\/soflab.devel8.wlc.team\/en\/wp-json\/wp\/v2\/media?parent=6177"}],"curies":[{"name":"wp","href":"https:\/\/api.w.org\/{rel}","templated":true}]}}